{"id":51,"date":"2014-09-01T00:00:27","date_gmt":"2014-08-31T22:00:27","guid":{"rendered":"http:\/\/konso.at\/page\/?page_id=51"},"modified":"2025-03-02T19:58:09","modified_gmt":"2025-03-02T17:58:09","slug":"supervision","status":"publish","type":"page","link":"http:\/\/konso.at\/page\/coaching\/supervision\/","title":{"rendered":"Supervision"},"content":{"rendered":"<h1>Supervision<\/h1>\n<p>Beratung f\u00fcr Menschen, die mit Menschen arbeiten!<\/p>\n<p>Die Begleitung eines Teams, einer Arbeitsgruppe oder Organisation zur Reflexion und Verbesserung ihres privaten,<br \/>\nberuflichen oder ehrenamtlichen Handelns.<\/p>\n<p>Supervision bietet die M\u00f6glichkeit, Klarheit zu bekommen. Durch Perspektivenwechsel tauchen neue Sichtweisen und<br \/>\nL\u00f6sungen auf. Zielvereinbarungen k\u00f6nnen sich um die Arbeitspraxis, Rollen- und Beziehungsdynamik, die Zusammenarbeit im Team oder der Organisation der Supervisanden drehen.<\/p>\n<p>Meine Begleitung f\u00fchrt dazu, dass ein Team langfristig in der Lage ist seine eigene L\u00f6sungs- und Konfliktf\u00e4higkeit zu<br \/>\nentwickeln und damit einen positiven &#8222;Klimawandel&#8220; im Umgang untereinander zu erreichen.<\/p>\n<p><span style=\"color: #ff00ff;\"><span style=\"font-size: 12pt;\"><em><strong>voneinander<\/strong><\/em> lernen &#8211; <em><strong>f\u00fcreinander<\/strong><\/em> da sein &#8211; <em><strong>miteinander<\/strong><\/em> gestalten<br \/>\n<\/span><\/span><\/p>\n","protected":false},"excerpt":{"rendered":"<p>Supervision Beratung f\u00fcr Menschen, die mit Menschen arbeiten! Die Begleitung eines Teams, einer Arbeitsgruppe oder Organisation zur Reflexion und Verbesserung ihres privaten, beruflichen oder ehrenamtlichen Handelns. Supervision bietet die M\u00f6glichkeit, Klarheit zu bekommen. Durch Perspektivenwechsel tauchen neue Sichtweisen und L\u00f6sungen auf. Zielvereinbarungen k\u00f6nnen sich um die Arbeitspraxis, Rollen- und Beziehungsdynamik, die Zusammenarbeit im Team oder [&hellip;]<\/p>\n","protected":false},"author":1,"featured_media":0,"parent":7,"menu_order":20,"comment_status":"closed","ping_status":"closed","template":"","meta":{"footnotes":"","_links_to":"","_links_to_target":""},"_links":{"self":[{"href":"http:\/\/konso.at\/page\/wp-json\/wp\/v2\/pages\/51"}],"collection":[{"href":"http:\/\/konso.at\/page\/wp-json\/wp\/v2\/pages"}],"about":[{"href":"http:\/\/konso.at\/page\/wp-json\/wp\/v2\/types\/page"}],"author":[{"embeddable":true,"href":"http:\/\/konso.at\/page\/wp-json\/wp\/v2\/users\/1"}],"replies":[{"embeddable":true,"href":"http:\/\/konso.at\/page\/wp-json\/wp\/v2\/comments?post=51"}],"version-history":[{"count":3,"href":"http:\/\/konso.at\/page\/wp-json\/wp\/v2\/pages\/51\/revisions"}],"predecessor-version":[{"id":355,"href":"http:\/\/konso.at\/page\/wp-json\/wp\/v2\/pages\/51\/revisions\/355"}],"up":[{"embeddable":true,"href":"http:\/\/konso.at\/page\/wp-json\/wp\/v2\/pages\/7"}],"wp:attachment":[{"href":"http:\/\/konso.at\/page\/wp-json\/wp\/v2\/media?parent=51"}],"curies":[{"name":"wp","href":"https:\/\/api.w.org\/{rel}","templated":true}]}}